{"id":2414,"date":"2024-05-11T18:01:10","date_gmt":"2024-05-11T18:01:10","guid":{"rendered":"https:\/\/kilicotomat.com.tr\/?page_id=2414"},"modified":"2025-03-04T08:52:06","modified_gmt":"2025-03-04T08:52:06","slug":"about-us","status":"publish","type":"page","link":"https:\/\/kilicotomat.com.tr\/de\/corporate\/about-us\/","title":{"rendered":"\u00dcber uns"},"content":{"rendered":"<p><div class=\"fusion-fullwidth fullwidth-box fusion-builder-row-1 fusion-flex-container nonhundred-percent-fullwidth non-hundred-percent-height-scrolling\" style=\"--awb-border-radius-top-left:0px;--awb-border-radius-top-right:0px;--awb-border-radius-bottom-right:0px;--awb-border-radius-bottom-left:0px;--awb-padding-bottom:0px;--awb-padding-right-small:20px;--awb-padding-bottom-small:10px;--awb-padding-left-small:20px;--awb-margin-bottom:50px;--awb-background-color:var(--awb-color6);--awb-flex-wrap:wrap;\" ><div class=\"fusion-builder-row fusion-row fusion-flex-align-items-flex-start fusion-flex-justify-content-flex-end fusion-flex-content-wrap\" style=\"max-width:1248px;margin-left: calc(-4% \/ 2 );margin-right: calc(-4% \/ 2 );\"><div class=\"fusion-layout-column fusion_builder_column fusion-builder-column-0 fusion_builder_column_1_1 1_1 fusion-flex-column fusion-animated\" style=\"--awb-padding-top:60px;--awb-padding-right:60px;--awb-padding-bottom:60px;--awb-padding-left:60px;--awb-padding-top-small:20px;--awb-padding-right-small:20px;--awb-padding-bottom-small:20px;--awb-padding-left-small:20px;--awb-overflow:hidden;--awb-bg-color:var(--awb-color1);--awb-bg-color-hover:var(--awb-color1);--awb-bg-size:cover;--awb-box-shadow:0px 0px 23px 0px hsla(var(--awb-color8-h),var(--awb-color8-s),calc( var(--awb-color8-l) - 1% ),calc( var(--awb-color8-a) - 78% ));;--awb-border-radius:16px 16px 16px 16px;--awb-width-large:100%;--awb-margin-top-large:0px;--awb-spacing-right-large:1.92%;--awb-margin-bottom-large:-40px;--awb-spacing-left-large:1.92%;--awb-width-medium:100%;--awb-order-medium:0;--awb-spacing-right-medium:1.92%;--awb-spacing-left-medium:1.92%;--awb-width-small:100%;--awb-order-small:0;--awb-spacing-right-small:1.92%;--awb-spacing-left-small:1.92%;\" data-animationtype=\"fadeInUp\" data-animationduration=\"1.0\" data-animationoffset=\"top-into-view\"><div class=\"fusion-column-wrapper fusion-column-has-shadow fusion-flex-justify-content-flex-start fusion-content-layout-column\"><div class=\"fusion-builder-row fusion-builder-row-inner fusion-row fusion-flex-align-items-flex-start fusion-flex-justify-content-flex-end fusion-flex-content-wrap\" style=\"width:104% !important;max-width:104% !important;margin-left: calc(-4% \/ 2 );margin-right: calc(-4% \/ 2 );\"><div class=\"fusion-layout-column fusion_builder_column_inner fusion-builder-nested-column-0 fusion_builder_column_inner_1_1 1_1 fusion-flex-column\" style=\"--awb-padding-right:25px;--awb-padding-top-small:10px;--awb-padding-right-small:10px;--awb-padding-bottom-small:10px;--awb-padding-left-small:10px;--awb-overflow:hidden;--awb-bg-size:cover;--awb-border-radius:10px 10px 10px 10px;--awb-width-large:100%;--awb-margin-top-large:0px;--awb-spacing-right-large:1.92%;--awb-margin-bottom-large:20px;--awb-spacing-left-large:1.92%;--awb-width-medium:100%;--awb-order-medium:0;--awb-spacing-right-medium:1.92%;--awb-spacing-left-medium:1.92%;--awb-width-small:100%;--awb-order-small:0;--awb-margin-top-small:10px;--awb-spacing-right-small:10PX;--awb-margin-bottom-small:10px;--awb-spacing-left-small:10PX;\"><div class=\"fusion-column-wrapper fusion-column-has-shadow fusion-flex-justify-content-flex-start fusion-content-layout-column\"><div class=\"fusion-image-element\" style=\"text-align:center;--awb-caption-title-font-family:var(--h2_typography-font-family);--awb-caption-title-font-weight:var(--h2_typography-font-weight);--awb-caption-title-font-style:var(--h2_typography-font-style);--awb-caption-title-size:var(--h2_typography-font-size);--awb-caption-title-transform:var(--h2_typography-text-transform);--awb-caption-title-line-height:var(--h2_typography-line-height);--awb-caption-title-letter-spacing:var(--h2_typography-letter-spacing);\"><span class=\"fusion-imageframe imageframe-none imageframe-1 hover-type-none\"><img decoding=\"async\" width=\"300\" height=\"95\" title=\"LLogo\" src=\"https:\/\/kilicotomat.com.tr\/wp-content\/uploads\/2024\/04\/LLogo-300x95.png\" alt class=\"img-responsive wp-image-920\" srcset=\"https:\/\/kilicotomat.com.tr\/wp-content\/uploads\/2024\/04\/LLogo-200x64.png 200w, https:\/\/kilicotomat.com.tr\/wp-content\/uploads\/2024\/04\/LLogo-400x127.png 400w, https:\/\/kilicotomat.com.tr\/wp-content\/uploads\/2024\/04\/LLogo-600x191.png 600w, https:\/\/kilicotomat.com.tr\/wp-content\/uploads\/2024\/04\/LLogo-800x255.png 800w, https:\/\/kilicotomat.com.tr\/wp-content\/uploads\/2024\/04\/LLogo-1200x382.png 1200w, https:\/\/kilicotomat.com.tr\/wp-content\/uploads\/2024\/04\/LLogo.png 1562w\" sizes=\"(max-width: 640px) 100vw, 1200px\" \/><\/span><\/div><div class=\"fusion-title title fusion-title-1 fusion-sep-none fusion-title-center fusion-title-text fusion-title-size-three\" style=\"--awb-text-color:var(--awb-color5);--awb-margin-top:30px;--awb-margin-bottom:20px;--awb-font-size:24px;\"><h3 class=\"fusion-title-heading title-heading-center\" style=\"margin:0;font-size:1em;\">\u00dcber uns<\/h3><\/div><div class=\"fusion-text fusion-text-1 fusion-text-no-margin\" style=\"--awb-font-size:var(--awb-typography2-font-size);--awb-line-height:1.25;--awb-margin-top:10px;--awb-margin-right:10px;--awb-margin-bottom:10px;--awb-margin-left:10px;\"><p>K\u0131l\u0131\u00e7 Otomat wurde 1985 in Istanbul gegr\u00fcndet und ist eine zuverl\u00e4ssige und innovative Marke in der Branche mit 40 Jahren Erfahrung in der Bearbeitung.<\/p>\n<p>Deneyimli y\u00f6netim kadromuz ve uzman ekibimizle, y\u00fcksek kalite anlay\u0131\u015f\u0131n\u0131 ve m\u00fc\u015fteri memnuniyetini her zaman \u00f6n planda tutuyoruz. S\u00fcrd\u00fcr\u00fclebilir b\u00fcy\u00fcmeyi temel ilke edinen firmam\u0131z, gelirlerinin %65\u2019ini sistem ve teknoloji yat\u0131r\u0131mlar\u0131na ay\u0131rarak \u00fcretim s\u00fcre\u00e7lerini s\u00fcrekli olarak geli\u015ftirmekteyiz.<\/p>\n<p>Um besser auf die sich entwickelnden Bed\u00fcrfnisse reagieren zu k\u00f6nnen, sind wir 2023 in unsere 6.400 m\u00b2 gro\u00dfe, moderne Produktionsst\u00e4tte in Silivri, Istanbul, umgezogen. Unsere neue Anlage, die sich auf Arbeitssicherheit und Umweltbewusstsein konzentriert, arbeitet mit einem nachhaltigen und umweltfreundlichen Produktionsansatz.<\/p>\n<p>Alle unsere Prozesse <strong>Grunds\u00e4tze des umfassenden Qualit\u00e4tsmanagements<\/strong> Wir gew\u00e4hrleisten die vollst\u00e4ndige Einhaltung nationaler und internationaler Qualit\u00e4tsstandards. In diesem Zusammenhang, <strong>ISO 9001, ISO 14001 und ISO 45001<\/strong> Zertifikate. <strong>IATF 16949<\/strong> Wir haben unsere Arbeiten am Qualit\u00e4tsmanagementsystem abgeschlossen und unseren Anspruch im Bereich der Produktion durch die Erlangung dieses Zertifikats bis 2025 untermauert.<\/p>\n<p>Kilic Automaton, haupts\u00e4chlich <strong>Herstellung von Kraftfahrzeugen, Wei\u00dfwaren, Verbindungselementen, Hydraulikteilen und Maschinenteilen<\/strong> Sie erbringt Dienstleistungen f\u00fcr ein breites Spektrum von Branchen. Insbesondere<strong> rostfreier Stahl<\/strong> <strong>hochfeste St\u00e4hle, legierte St\u00e4hle und Automatenst\u00e4hle<\/strong> Unser Unternehmen ist spezialisiert auf, <strong>bei der Verarbeitung von Metallen wie Kupfer, Messing und Aluminium<\/strong> verf\u00fcgt auch \u00fcber eine \u00fcberragende Kompetenz.<\/p>\n<p>Mit seinen Investitionen in Technologie, Qualit\u00e4tsproduktion und kundenorientiertem Service baut K\u0131l\u0131\u00e7 Otomat seine Position in der Branche Tag f\u00fcr Tag weiter aus.<\/p>\n<\/div><div class=\"fusion-separator fusion-full-width-sep\" style=\"align-self: center;margin-left: auto;margin-right: auto;margin-top:20px;width:100%;\"><\/div><div class=\"fusion-separator fusion-full-width-sep\" style=\"align-self: center;margin-left: auto;margin-right: auto;margin-top:14px;width:100%;\"><\/div><div class=\"fusion-separator fusion-full-width-sep\" style=\"align-self: center;margin-left: auto;margin-right: auto;margin-top:14px;width:100%;\"><\/div><\/div><\/div><\/div><\/div><\/div><\/div><\/div><div class=\"fusion-fullwidth fullwidth-box fusion-builder-row-2 fusion-flex-container nonhundred-percent-fullwidth non-hundred-percent-height-scrolling\" style=\"--awb-border-radius-top-left:0px;--awb-border-radius-top-right:0px;--awb-border-radius-bottom-right:0px;--awb-border-radius-bottom-left:0px;--awb-padding-top:0px;--awb-padding-right:10px;--awb-padding-bottom:0px;--awb-padding-left:10px;--awb-margin-bottom:0px;--awb-background-color:var(--awb-color1);--awb-flex-wrap:wrap;\" ><div class=\"fusion-builder-row fusion-row fusion-flex-align-items-flex-start fusion-flex-justify-content-center fusion-flex-content-wrap\" style=\"max-width:1248px;margin-left: calc(-4% \/ 2 );margin-right: calc(-4% \/ 2 );\"><div class=\"fusion-layout-column fusion_builder_column fusion-builder-column-1 fusion_builder_column_1_1 1_1 fusion-flex-column fusion-animated\" style=\"--awb-padding-top-medium:10px;--awb-padding-right-medium:10px;--awb-padding-bottom-medium:10px;--awb-padding-left-medium:10px;--awb-bg-size:cover;--awb-width-large:100%;--awb-margin-top-large:0px;--awb-spacing-right-large:1.92%;--awb-margin-bottom-large:0px;--awb-spacing-left-large:1.92%;--awb-width-medium:100%;--awb-order-medium:0;--awb-spacing-right-medium:10px;--awb-spacing-left-medium:10px;--awb-width-small:100%;--awb-order-small:0;--awb-spacing-right-small:1.92%;--awb-spacing-left-small:1.92%;\" data-animationtype=\"fadeInUp\" data-animationduration=\"1.0\" data-animationoffset=\"top-into-view\"><div class=\"fusion-column-wrapper fusion-column-has-shadow fusion-flex-justify-content-flex-start fusion-content-layout-column\"><\/div><\/div><div class=\"fusion-layout-column fusion_builder_column fusion-builder-column-2 fusion_builder_column_1_1 1_1 fusion-flex-column fusion-flex-align-self-flex-end fusion-animated\" style=\"--awb-bg-color:var(--awb-color1);--awb-bg-color-hover:var(--awb-color1);--awb-bg-image:linear-gradient(180deg, var(--awb-color1) 0%,rgba(255,255,255,0) 100%);--awb-bg-size:cover;--awb-width-large:100%;--awb-margin-top-large:0px;--awb-spacing-right-large:1.92%;--awb-margin-bottom-large:0px;--awb-spacing-left-large:1.92%;--awb-width-medium:100%;--awb-order-medium:0;--awb-spacing-right-medium:1.92%;--awb-spacing-left-medium:1.92%;--awb-width-small:100%;--awb-order-small:0;--awb-spacing-right-small:1.92%;--awb-spacing-left-small:1.92%;\" data-animationtype=\"fadeInRight\" data-animationduration=\"1.0\" data-animationoffset=\"top-into-view\"><div class=\"fusion-column-wrapper fusion-column-has-shadow fusion-flex-justify-content-space-evenly fusion-content-layout-block\"><div class=\"fusion-builder-row fusion-builder-row-inner fusion-row fusion-flex-align-items-flex-start fusion-flex-justify-content-center fusion-flex-content-wrap\" style=\"width:104% !important;max-width:104% !important;margin-left: calc(-4% \/ 2 );margin-right: calc(-4% \/ 2 );\"><div class=\"fusion-layout-column fusion_builder_column_inner fusion-builder-nested-column-1 fusion_builder_column_inner_1_4 1_4 fusion-flex-column fusion-column-inner-bg-wrapper\" style=\"--awb-padding-top:10px;--awb-padding-right:10px;--awb-padding-bottom:10px;--awb-padding-left:10px;--awb-overflow:hidden;--awb-inner-bg-color:var(--awb-color1);--awb-inner-bg-color-hover:var(--awb-color1);--awb-inner-bg-size:cover;--awb-border-radius:10px 10px 10px 10px;--awb-inner-bg-border-radius:10px 10px 10px 10px;--awb-inner-bg-overflow:hidden;--awb-width-large:25%;--awb-margin-top-large:10px;--awb-spacing-right-large:10px;--awb-margin-bottom-large:10px;--awb-spacing-left-large:10px;--awb-width-medium:25%;--awb-order-medium:0;--awb-spacing-right-medium:10px;--awb-spacing-left-medium:10px;--awb-width-small:100%;--awb-order-small:0;--awb-spacing-right-small:10px;--awb-spacing-left-small:10px;\"><span class=\"fusion-column-inner-bg hover-type-none\"><a class=\"fusion-column-anchor\" href=\"https:\/\/kilicotomat.com.tr\/de\/quality\/\"><span class=\"fusion-column-inner-bg-image\"><\/span><\/a><\/span><div class=\"fusion-column-wrapper fusion-column-has-shadow fusion-flex-justify-content-flex-start fusion-content-layout-column\"><div class=\"fusion-text fusion-text-2 fusion-text-no-margin\" style=\"--awb-content-alignment:center;--awb-font-size:22px;--awb-line-height:1.1;--awb-letter-spacing:var(--awb-typography2-letter-spacing);--awb-text-transform:var(--awb-typography2-text-transform);--awb-text-color:var(--awb-color5);--awb-margin-top:20px;--awb-margin-bottom:10px;--awb-text-font-family:var(--awb-typography2-font-family);--awb-text-font-weight:var(--awb-typography2-font-weight);--awb-text-font-style:var(--awb-typography2-font-style);\"><p style=\"font-size: 20px; line-height: 20px;\" data-fusion-font=\"true\"><span style=\"color: var(--awb-text-color); font-family: var(--awb-text-font-family); font-style: var(--awb-text-font-style); font-weight: var(--awb-text-font-weight); letter-spacing: var(--awb-letter-spacing); text-align: var(--awb-content-alignment); text-transform: var(--awb-text-transform); background-color: var(--awb-bg-color-hover);\">Bescheinigungen<\/span><\/p>\n<\/div><div class=\"fusion-image-element\" style=\"text-align:center;--awb-margin-top:10px;--awb-margin-right:10px;--awb-margin-bottom:10px;--awb-margin-left:10px;--awb-max-width:400px;--awb-caption-title-font-family:var(--h2_typography-font-family);--awb-caption-title-font-weight:var(--h2_typography-font-weight);--awb-caption-title-font-style:var(--h2_typography-font-style);--awb-caption-title-size:var(--h2_typography-font-size);--awb-caption-title-transform:var(--h2_typography-text-transform);--awb-caption-title-line-height:var(--h2_typography-line-height);--awb-caption-title-letter-spacing:var(--h2_typography-letter-spacing);\"><span class=\"fusion-imageframe imageframe-none imageframe-2 hover-type-none\" style=\"border:4px solid rgba(115,159,206,0.7);border-radius:20px;\"><a class=\"fusion-no-lightbox\" href=\"#\" target=\"_self\"><img decoding=\"async\" src=\"https:\/\/kilicotomat.com.tr\/wp-content\/uploads\/2024\/05\/ISO-Logo-400x300.png\" alt class=\"img-responsive\"\/><\/a><\/span><\/div><\/div><\/div><\/div><\/div><\/div><\/div><\/div><div class=\"fusion-fullwidth fullwidth-box fusion-builder-row-3 fusion-flex-container nonhundred-percent-fullwidth non-hundred-percent-height-scrolling\" style=\"--awb-border-radius-top-left:0px;--awb-border-radius-top-right:0px;--awb-border-radius-bottom-right:0px;--awb-border-radius-bottom-left:0px;--awb-padding-top:20px;--awb-padding-bottom:20px;--awb-padding-top-small:0px;--awb-padding-right-small:10px;--awb-padding-bottom-small:20px;--awb-padding-left-small:10px;--awb-margin-bottom:0px;--awb-background-image:linear-gradient(105deg, var(--awb-color6) 12%,var(--awb-color5) 77%);--awb-flex-wrap:wrap;\" ><div class=\"fusion-builder-row fusion-row fusion-flex-align-items-center fusion-flex-justify-content-center fusion-flex-content-wrap\" style=\"max-width:1248px;margin-left: calc(-4% \/ 2 );margin-right: calc(-4% \/ 2 );\"><div class=\"fusion-layout-column fusion_builder_column fusion-builder-column-3 fusion_builder_column_1_5 1_5 fusion-flex-column fusion-column-inner-bg-wrapper fusion-animated\" style=\"--awb-padding-top:10px;--awb-padding-right:10px;--awb-padding-bottom:10px;--awb-padding-left:10px;--awb-padding-top-small:0px;--awb-padding-right-small:20px;--awb-padding-bottom-small:0px;--awb-padding-left-small:20px;--awb-inner-bg-size:cover;--awb-width-large:20%;--awb-margin-top-large:10px;--awb-spacing-right-large:48%;--awb-margin-bottom-large:10px;--awb-spacing-left-large:10px;--awb-width-medium:100%;--awb-order-medium:0;--awb-spacing-right-medium:9.6%;--awb-spacing-left-medium:10px;--awb-width-small:100%;--awb-order-small:0;--awb-margin-top-small:10px;--awb-spacing-right-small:0.96%;--awb-margin-bottom-small:0px;--awb-spacing-left-small:0.96%;\" data-animationtype=\"fadeInUp\" data-animationduration=\"1.0\" data-animationoffset=\"top-into-view\"><span class=\"fusion-column-inner-bg hover-type-none\"><a class=\"fusion-column-anchor\" href=\"https:\/\/kilicotomat.com.tr\/de\/\"><span class=\"fusion-column-inner-bg-image\"><\/span><\/a><\/span><div class=\"fusion-column-wrapper fusion-column-has-shadow fusion-flex-justify-content-flex-start fusion-content-layout-column\"><div class=\"fusion-image-element md-text-align-center sm-text-align-center\" style=\"--awb-aspect-ratio:1 \/ 1;--awb-object-position:28% 50%;--awb-margin-top-small:10px;--awb-margin-right-small:10px;--awb-margin-bottom-small:10px;--awb-margin-left-small:10px;--awb-max-width:100px;--awb-caption-title-font-family:var(--h2_typography-font-family);--awb-caption-title-font-weight:var(--h2_typography-font-weight);--awb-caption-title-font-style:var(--h2_typography-font-style);--awb-caption-title-size:var(--h2_typography-font-size);--awb-caption-title-transform:var(--h2_typography-text-transform);--awb-caption-title-line-height:var(--h2_typography-line-height);--awb-caption-title-letter-spacing:var(--h2_typography-letter-spacing);\"><div style=\"display:inline-block;width:100px;\"><span class=\"fusion-imageframe imageframe-none imageframe-3 hover-type-none has-aspect-ratio\"><img decoding=\"async\" width=\"150\" height=\"150\" title=\"SwordLg\" src=\"https:\/\/kilicotomat.com.tr\/wp-content\/uploads\/2024\/04\/KlcLogo-150x150.png\" class=\"img-responsive wp-image-910 img-with-aspect-ratio\" alt srcset=\"https:\/\/kilicotomat.com.tr\/wp-content\/uploads\/2024\/04\/KlcLogo-200x200.png 200w, https:\/\/kilicotomat.com.tr\/wp-content\/uploads\/2024\/04\/KlcLogo-400x400.png 400w, https:\/\/kilicotomat.com.tr\/wp-content\/uploads\/2024\/04\/KlcLogo-600x600.png 600w, https:\/\/kilicotomat.com.tr\/wp-content\/uploads\/2024\/04\/KlcLogo-800x800.png 800w, https:\/\/kilicotomat.com.tr\/wp-content\/uploads\/2024\/04\/KlcLogo.png 890w\" sizes=\"(max-width: 640px) 100vw, 200px\" \/><\/span><\/div><\/div><\/div><\/div><div class=\"fusion-layout-column fusion_builder_column fusion-builder-column-4 fusion_builder_column_3_5 3_5 fusion-flex-column fusion-flex-align-self-stretch fusion-animated\" style=\"--awb-padding-top:10px;--awb-padding-bottom:10px;--awb-padding-top-medium:0px;--awb-padding-right-medium:0px;--awb-padding-bottom-medium:0px;--awb-padding-top-small:0px;--awb-padding-right-small:0px;--awb-padding-bottom-small:0px;--awb-padding-left-small:0px;--awb-overflow:hidden;--awb-bg-size:cover;--awb-border-radius:20px 20px 20px 0px;--awb-width-large:60%;--awb-margin-top-large:10px;--awb-spacing-right-large:0%;--awb-margin-bottom-large:10px;--awb-spacing-left-large:0%;--awb-width-medium:80%;--awb-order-medium:0;--awb-spacing-right-medium:0%;--awb-spacing-left-medium:0%;--awb-width-small:100%;--awb-order-small:0;--awb-margin-top-small:0px;--awb-spacing-right-small:0.288%;--awb-margin-bottom-small:0px;--awb-spacing-left-small:0.96%;\" data-animationtype=\"fadeInUp\" data-animationduration=\"1.0\" data-animationoffset=\"top-into-view\"><div class=\"fusion-column-wrapper fusion-column-has-shadow fusion-flex-justify-content-center fusion-content-layout-column\"><div class=\"fusion-sharing-box fusion-sharing-box-1 has-taglines layout-floated layout-medium-floated layout-small-floated\" style=\"background-color:var(--awb-color1);border-color:var(--awb-color6);--awb-margin-top:0px;--awb-margin-right:0px;--awb-margin-bottom:0px;--awb-margin-left:0px;--awb-wrapper-padding-top:0px;--awb-wrapper-padding-right:5px;--awb-wrapper-padding-bottom:0px;--awb-wrapper-padding-left:5px;--awb-border-top:0px;--awb-border-right:0px;--awb-border-bottom:20px;--awb-border-left:0px;--awb-border-radius-top-left:20px;--awb-border-radius-top-right:20px;--awb-border-radius-bottom-right:20px;--awb-border-radius-bottom-left:20px;--awb-icon-size:15PX;--awb-separator-border-color:#cccccc;--awb-separator-border-sizes:0px;--awb-layout:row;--awb-alignment-small:flex-end;--awb-stacked-align-small:flex-start;\" data-title=\"Hakk\u0131m\u0131zda\" data-description=\"Hakk\u0131m\u0131zda 1985 y\u0131l\u0131nda \u0130stanbul\u2019da kurulan K\u0131l\u0131\u00e7 Otomat, tala\u015fl\u0131 imalat alan\u0131ndaki 40 y\u0131ll\u0131k tecr\u00fcbesiyle sekt\u00f6rde g\u00fcvenilir ve yenilik\u00e7i bir marka olarak \u00f6ne \u00e7\u0131kmaktad\u0131r.Deneyimli y\u00f6netim kadromuz ve uzman ekibimizle, y\u00fcksek kalite anlay\u0131\u015f\u0131n\u0131 ve m\u00fc\u015fteri memnuniyetini her zaman \u00f6n planda tutuyoruz. S\u00fcrd\u00fcr\u00fclebilir b\u00fcy\u00fcmeyi temel ilke edinen firmam\u0131z, gelirlerinin %65\u2019ini sistem ve teknoloji yat\u0131r\u0131mlar\u0131na ay\u0131rarak \u00fcretim s\u00fcre\u00e7lerini s\u00fcrekli olarak\" data-link=\"https:\/\/kilicotomat.com.tr\/articles\/\"><h6 class=\"tagline\" style=\"color:var(--awb-color6);font-family:-apple-system, BlinkMacSystemFont, &#039;Segoe UI&#039;, Roboto, Oxygen-Sans, Ubuntu, Cantarell, &#039;Helvetica Neue&#039; ,sans-serif;font-style:normal;font-weight:400;font-size:14px;line-height:var(--awb-typography2-line-height);letter-spacing:0.005em;text-transform:capitalize;\">W\u00e4hlen Sie die Plattform, die Sie teilen m\u00f6chten!<\/h6><div class=\"fusion-social-networks sharingbox-shortcode-icon-wrapper sharingbox-shortcode-icon-wrapper-1\"><span><a href=\"https:\/\/www.linkedin.com\/shareArticle?mini=true&amp;url=https%3A%2F%2Fkilicotomat.com.tr%2Farticles%2F&amp;title=Hakk%C4%B1m%C4%B1zda&amp;summary=Hakk%C4%B1m%C4%B1zda%20%0D%0A1985%20y%C4%B1l%C4%B1nda%20%C4%B0stanbul%E2%80%99da%20kurulan%20K%C4%B1l%C4%B1%C3%A7%20Otomat%2C%20tala%C5%9Fl%C4%B1%20imalat%20alan%C4%B1ndaki%2040%20y%C4%B1ll%C4%B1k%20tecr%C3%BCbesiyle%20sekt%C3%B6rde%20g%C3%BCvenilir%20ve%20yenilik%C3%A7i%20bir%20marka%20olarak%20%C3%B6ne%20%C3%A7%C4%B1kmaktad%C4%B1r.%0D%0ADeneyimli%20y%C3%B6netim%20kadromuz%20ve%20uzman%20ekibimizle%2C%20y%C3%BCksek%20kalite%20anlay%C4%B1%C5%9F%C4%B1n%C4%B1%20ve%20m%C3%BC%C5%9Fteri%20memnuniyetini%20her%20zaman%20%C3%B6n%20planda%20tutuyoruz.%20S%C3%BCrd%C3%BCr%C3%BClebilir%20b%C3%BCy%C3%BCmeyi%20temel%20ilke%20edinen%20firmam%C4%B1z%2C%20gelirlerinin%20%2565%E2%80%99ini%20sistem%20ve%20teknoloji%20yat%C4%B1r%C4%B1mlar%C4%B1na%20ay%C4%B1rarak%20%C3%BCretim%20s%C3%BCre%C3%A7lerini%20s%C3%BCrekli%20olarak\" target=\"_blank\" rel=\"noopener noreferrer\" title=\"LinkedIn\" aria-label=\"LinkedIn\" data-placement=\"top\" data-toggle=\"tooltip\" data-title=\"LinkedIn\"><i class=\"fusion-social-network-icon fusion-tooltip fusion-linkedin awb-icon-linkedin\" style=\"color:#0077b5;\" aria-hidden=\"true\"><\/i><\/a><\/span><span><a href=\"https:\/\/api.whatsapp.com\/send?text=https%3A%2F%2Fkilicotomat.com.tr%2Farticles%2F\" target=\"_blank\" rel=\"noopener noreferrer\" title=\"WhatsApp\" aria-label=\"WhatsApp\" data-placement=\"top\" data-toggle=\"tooltip\" data-title=\"WhatsApp\"><i class=\"fusion-social-network-icon fusion-tooltip fusion-whatsapp awb-icon-whatsapp\" style=\"color:#77e878;\" aria-hidden=\"true\"><\/i><\/a><\/span><span><a href=\"mailto:?subject=Hakk%C4%B1m%C4%B1zda&amp;body=https%3A%2F%2Fkilicotomat.com.tr%2Farticles%2F\" target=\"_self\" title=\"E-Mail\" aria-label=\"E-Mail\" data-placement=\"top\" data-toggle=\"tooltip\" data-title=\"Email\"><i class=\"fusion-social-network-icon fusion-tooltip fusion-mail awb-icon-mail\" style=\"color:#000000;\" aria-hidden=\"true\"><\/i><\/a><\/span><\/div><\/div><\/div><\/div><div class=\"fusion-layout-column fusion_builder_column fusion-builder-column-5 fusion_builder_column_1_5 1_5 fusion-flex-column fusion-animated\" style=\"--awb-padding-top:10px;--awb-padding-right:10px;--awb-padding-bottom:10px;--awb-padding-left:10px;--awb-padding-top-small:0px;--awb-padding-bottom-small:0px;--awb-bg-size:cover;--awb-width-large:20%;--awb-margin-top-large:10px;--awb-spacing-right-large:10px;--awb-margin-bottom-large:10px;--awb-spacing-left-large:10px;--awb-width-medium:100%;--awb-order-medium:0;--awb-spacing-right-medium:10px;--awb-spacing-left-medium:10px;--awb-width-small:100%;--awb-order-small:0;--awb-spacing-right-small:1.92%;--awb-margin-bottom-small:0px;--awb-spacing-left-small:1.92%;\" data-animationtype=\"fadeInUp\" data-animationduration=\"1.0\" data-animationoffset=\"top-into-view\"><div class=\"fusion-column-wrapper fusion-column-has-shadow fusion-flex-justify-content-flex-start fusion-content-layout-column\"><div class=\"md-text-align-center sm-text-align-center\" style=\"text-align:right;\"><a class=\"fusion-button button-flat fusion-button-default-size button-custom fusion-button-default button-1 fusion-button-default-span fusion-button-default-type\" style=\"--button_accent_color:var(--awb-color5);--button_border_color:var(--awb-color5);--button_accent_hover_color:var(--awb-color1);--button_border_hover_color:var(--awb-color1);--button_gradient_top_color:var(--awb-color1);--button_gradient_bottom_color:var(--awb-color1);--button_gradient_top_color_hover:hsla(var(--awb-color5-h),calc(var(--awb-color5-s) - 5%),calc(var(--awb-color5-l) - 10%),var(--awb-color5-a));--button_gradient_bottom_color_hover:hsla(var(--awb-color5-h),calc(var(--awb-color5-s) - 5%),calc(var(--awb-color5-l) - 10%),var(--awb-color5-a));--button_padding-top:10px;--button_padding-bottom:10px;--button_margin-top:10px;--button_margin-bottom:10px;\" target=\"_self\" href=\"https:\/\/kilicotomat.com.tr\/de\/contact-us\/\"><span class=\"fusion-button-text\">Kontakt<\/span><\/a><\/div><\/div><\/div><\/div><\/div><\/p>","protected":false},"excerpt":{"rendered":"","protected":false},"author":1,"featured_media":0,"parent":2557,"menu_order":0,"comment_status":"closed","ping_status":"closed","template":"100-width.php","meta":{"footnotes":""},"class_list":["post-2414","page","type-page","status-publish","hentry"],"_links":{"self":[{"href":"https:\/\/kilicotomat.com.tr\/de\/wp-json\/wp\/v2\/pages\/2414","targetHints":{"allow":["GET"]}}],"collection":[{"href":"https:\/\/kilicotomat.com.tr\/de\/wp-json\/wp\/v2\/pages"}],"about":[{"href":"https:\/\/kilicotomat.com.tr\/de\/wp-json\/wp\/v2\/types\/page"}],"author":[{"embeddable":true,"href":"https:\/\/kilicotomat.com.tr\/de\/wp-json\/wp\/v2\/users\/1"}],"replies":[{"embeddable":true,"href":"https:\/\/kilicotomat.com.tr\/de\/wp-json\/wp\/v2\/comments?post=2414"}],"version-history":[{"count":50,"href":"https:\/\/kilicotomat.com.tr\/de\/wp-json\/wp\/v2\/pages\/2414\/revisions"}],"predecessor-version":[{"id":20686,"href":"https:\/\/kilicotomat.com.tr\/de\/wp-json\/wp\/v2\/pages\/2414\/revisions\/20686"}],"up":[{"embeddable":true,"href":"https:\/\/kilicotomat.com.tr\/de\/wp-json\/wp\/v2\/pages\/2557"}],"wp:attachment":[{"href":"https:\/\/kilicotomat.com.tr\/de\/wp-json\/wp\/v2\/media?parent=2414"}],"curies":[{"name":"wp","href":"https:\/\/api.w.org\/{rel}","templated":true}]}}