{"id":21,"date":"2020-09-14T11:30:18","date_gmt":"2020-09-14T11:30:18","guid":{"rendered":"https:\/\/avadawebsites.wpengine.com\/business-coach\/?page_id=21"},"modified":"2025-08-08T14:19:07","modified_gmt":"2025-08-08T14:19:07","slug":"mission-vision","status":"publish","type":"page","link":"https:\/\/kilicotomat.com.tr\/de\/corporate\/mission-vision\/","title":{"rendered":"Auftrag und Vision"},"content":{"rendered":"<p><div class=\"fusion-fullwidth fullwidth-box fusion-builder-row-1 fusion-flex-container nonhundred-percent-fullwidth non-hundred-percent-height-scrolling\" style=\"--awb-border-radius-top-left:0px;--awb-border-radius-top-right:0px;--awb-border-radius-bottom-right:0px;--awb-border-radius-bottom-left:0px;--awb-padding-top:0px;--awb-padding-bottom:0px;--awb-padding-top-small:60px;--awb-margin-bottom:0px;--awb-background-color:var(--awb-color6);--awb-flex-wrap:wrap;\" ><div class=\"fusion-builder-row fusion-row fusion-flex-align-items-flex-start fusion-flex-content-wrap\" style=\"max-width:1248px;margin-left: calc(-4% \/ 2 );margin-right: calc(-4% \/ 2 );\"><div class=\"fusion-layout-column fusion_builder_column fusion-builder-column-0 fusion_builder_column_1_1 1_1 fusion-flex-column fusion-animated\" style=\"--awb-padding-top:60px;--awb-padding-right:60px;--awb-padding-bottom:60px;--awb-padding-left:60px;--awb-padding-top-small:20px;--awb-padding-right-small:20px;--awb-padding-bottom-small:20px;--awb-padding-left-small:20px;--awb-overflow:hidden;--awb-bg-color:var(--awb-color1);--awb-bg-color-hover:var(--awb-color1);--awb-bg-size:cover;--awb-box-shadow:0px 0px 23px 0px hsla(var(--awb-color8-h),var(--awb-color8-s),calc( var(--awb-color8-l) - 1% ),calc( var(--awb-color8-a) - 78% ));;--awb-border-radius:16px 16px 16px 16px;--awb-width-large:100%;--awb-margin-top-large:0px;--awb-spacing-right-large:1.92%;--awb-margin-bottom-large:-40px;--awb-spacing-left-large:1.92%;--awb-width-medium:100%;--awb-order-medium:0;--awb-spacing-right-medium:1.92%;--awb-spacing-left-medium:1.92%;--awb-width-small:100%;--awb-order-small:0;--awb-spacing-right-small:1.92%;--awb-spacing-left-small:1.92%;\" data-animationtype=\"fadeInUp\" data-animationduration=\"1.0\" data-animationoffset=\"top-into-view\"><div class=\"fusion-column-wrapper fusion-column-has-shadow fusion-flex-justify-content-flex-start fusion-content-layout-column\"><div class=\"fusion-builder-row fusion-builder-row-inner fusion-row fusion-flex-align-items-flex-start fusion-flex-content-wrap\" style=\"width:104% !important;max-width:104% !important;margin-left: calc(-4% \/ 2 );margin-right: calc(-4% \/ 2 );\"><div class=\"fusion-layout-column fusion_builder_column_inner fusion-builder-nested-column-0 fusion_builder_column_inner_1_1 1_1 fusion-flex-column\" style=\"--awb-padding-right:25px;--awb-padding-top-small:10px;--awb-padding-right-small:10px;--awb-padding-bottom-small:10px;--awb-padding-left-small:10px;--awb-overflow:hidden;--awb-bg-size:cover;--awb-border-radius:10px 10px 10px 10px;--awb-width-large:100%;--awb-margin-top-large:0px;--awb-spacing-right-large:1.92%;--awb-margin-bottom-large:20px;--awb-spacing-left-large:1.92%;--awb-width-medium:100%;--awb-order-medium:0;--awb-spacing-right-medium:1.92%;--awb-spacing-left-medium:1.92%;--awb-width-small:100%;--awb-order-small:0;--awb-margin-top-small:10px;--awb-spacing-right-small:10PX;--awb-margin-bottom-small:10px;--awb-spacing-left-small:10PX;\"><div class=\"fusion-column-wrapper fusion-column-has-shadow fusion-flex-justify-content-flex-start fusion-content-layout-column\"><div class=\"fusion-image-element\" style=\"text-align:center;--awb-caption-title-font-family:var(--h2_typography-font-family);--awb-caption-title-font-weight:var(--h2_typography-font-weight);--awb-caption-title-font-style:var(--h2_typography-font-style);--awb-caption-title-size:var(--h2_typography-font-size);--awb-caption-title-transform:var(--h2_typography-text-transform);--awb-caption-title-line-height:var(--h2_typography-line-height);--awb-caption-title-letter-spacing:var(--h2_typography-letter-spacing);\"><span class=\"fusion-imageframe imageframe-none imageframe-1 hover-type-none\"><img decoding=\"async\" width=\"300\" height=\"95\" title=\"LLogo\" src=\"https:\/\/kilicotomat.com.tr\/wp-content\/uploads\/2024\/04\/LLogo-300x95.png\" alt class=\"img-responsive wp-image-920\" srcset=\"https:\/\/kilicotomat.com.tr\/wp-content\/uploads\/2024\/04\/LLogo-200x64.png 200w, https:\/\/kilicotomat.com.tr\/wp-content\/uploads\/2024\/04\/LLogo-400x127.png 400w, https:\/\/kilicotomat.com.tr\/wp-content\/uploads\/2024\/04\/LLogo-600x191.png 600w, https:\/\/kilicotomat.com.tr\/wp-content\/uploads\/2024\/04\/LLogo-800x255.png 800w, https:\/\/kilicotomat.com.tr\/wp-content\/uploads\/2024\/04\/LLogo-1200x382.png 1200w, https:\/\/kilicotomat.com.tr\/wp-content\/uploads\/2024\/04\/LLogo.png 1562w\" sizes=\"(max-width: 640px) 100vw, 1200px\" \/><\/span><\/div><div class=\"fusion-title title fusion-title-1 fusion-sep-none fusion-title-center fusion-title-text fusion-title-size-three\" style=\"--awb-text-color:var(--awb-color5);--awb-margin-top:30px;--awb-margin-bottom:20px;--awb-font-size:24px;\"><h3 class=\"fusion-title-heading title-heading-center\" style=\"margin:0;font-size:1em;\">Auftrag und Vision<\/h3><\/div><div class=\"fusion-text fusion-text-1 fusion-text-no-margin\" style=\"--awb-font-size:var(--awb-typography2-font-size);--awb-line-height:1.25;--awb-margin-top:10px;--awb-margin-right:10px;--awb-margin-bottom:10px;--awb-margin-left:10px;\"><h3><strong>Unser Auftrag<\/strong><\/h3>\n<p>Als KILI\u00c7 OTOMAT LTD, <strong>Automobilbau, wei\u00dfe Ware, Verbindungselemente, Hydraulikteile und Maschinenbau<\/strong> Sektoren durch die Herstellung von hochpr\u00e4zisen CNC-Teilen f\u00fcr unsere Kunden. <strong>hochwertige, zuverl\u00e4ssige und wettbewerbsf\u00e4hige L\u00f6sungen anzubieten<\/strong> die wir anstreben.<br \/>\nMit fortschrittlicher Technologie und innovativem Produktionsansatz <strong>nachhaltige, umweltfreundliche und effiziente Produktionsverfahren<\/strong> Wir wollen ein Unternehmen sein, das in der Branche etwas bewegt, indem wir die Entwicklung unserer Mitarbeiter f\u00f6rdern.<\/p>\n<h3><strong>Unsere Vision<\/strong><\/h3>\n<p>CNC-Metallverarbeitung <strong>eine f\u00fchrende Marke mit innovativen Technologien zu sein<\/strong>mit unserem qualit\u00e4tsorientierten Produktionsansatz <strong>zu den bevorzugten Anbietern auf dem internationalen Markt zu geh\u00f6ren<\/strong> ist unsere zentrale Vision.<br \/>\n<strong>Investitionen in kontinuierliche Verbesserung, F&amp;E und Digitalisierung<\/strong> indem wir unsere St\u00e4rke im globalen Wettbewerb erh\u00f6hen, f\u00fcr unsere Gesch\u00e4ftspartner <strong>ein nachhaltiges und zuverl\u00e4ssiges Produktionszentrum zu sein, das Werte schafft<\/strong> die wir anstreben.<\/p>\n<\/div><div class=\"fusion-separator fusion-full-width-sep\" style=\"align-self: center;margin-left: auto;margin-right: auto;margin-top:20px;width:100%;\"><\/div><div class=\"fusion-separator fusion-full-width-sep\" style=\"align-self: center;margin-left: auto;margin-right: auto;margin-top:14px;width:100%;\"><\/div><div class=\"fusion-separator fusion-full-width-sep\" style=\"align-self: center;margin-left: auto;margin-right: auto;margin-top:14px;width:100%;\"><\/div><\/div><\/div><\/div><\/div><\/div><\/div><\/div><div class=\"fusion-fullwidth fullwidth-box fusion-builder-row-2 fusion-flex-container nonhundred-percent-fullwidth non-hundred-percent-height-scrolling\" style=\"--awb-border-radius-top-left:0px;--awb-border-radius-top-right:0px;--awb-border-radius-bottom-right:0px;--awb-border-radius-bottom-left:0px;--awb-padding-top:80px;--awb-padding-bottom:20px;--awb-margin-bottom:0px;--awb-flex-wrap:wrap;\" ><div class=\"fusion-builder-row fusion-row fusion-flex-align-items-flex-start fusion-flex-content-wrap\" style=\"max-width:1248px;margin-left: calc(-4% \/ 2 );margin-right: calc(-4% \/ 2 );\"><div class=\"fusion-layout-column fusion_builder_column fusion-builder-column-1 fusion_builder_column_1_1 1_1 fusion-flex-column fusion-animated\" style=\"--awb-bg-size:cover;--awb-width-large:100%;--awb-margin-top-large:0px;--awb-spacing-right-large:1.92%;--awb-margin-bottom-large:20px;--awb-spacing-left-large:1.92%;--awb-width-medium:100%;--awb-order-medium:0;--awb-spacing-right-medium:1.92%;--awb-spacing-left-medium:1.92%;--awb-width-small:100%;--awb-order-small:0;--awb-spacing-right-small:1.92%;--awb-spacing-left-small:1.92%;\" data-animationtype=\"fadeInLeft\" data-animationduration=\"1.0\" data-animationoffset=\"top-into-view\"><div class=\"fusion-column-wrapper fusion-column-has-shadow fusion-flex-justify-content-flex-start fusion-content-layout-column\"><div class=\"fusion-title title fusion-title-2 fusion-sep-none fusion-title-text fusion-title-size-two\" style=\"--awb-text-color:var(--awb-color6);--awb-font-size:28px;\"><h2 class=\"fusion-title-heading title-heading-left sm-text-align-center\" style=\"font-family:-apple-system, BlinkMacSystemFont, &#039;Segoe UI&#039;, Roboto, Oxygen-Sans, Ubuntu, Cantarell, &#039;Helvetica Neue&#039; ,sans-serif;font-style:normal;font-weight:400;margin:0;font-size:1em;letter-spacing:0.4px;line-height:1.2;\">Warum sollten Sie mit uns zusammenarbeiten?<\/h2><\/div><div class=\"fusion-text fusion-text-2 sm-text-align-center\" style=\"--awb-font-size:var(--awb-typography2-font-size);--awb-line-height:var(--awb-typography2-line-height);--awb-letter-spacing:var(--awb-typography2-letter-spacing);--awb-text-transform:var(--awb-typography2-text-transform);--awb-text-color:var(--awb-color5);--awb-text-font-family:var(--awb-typography2-font-family);--awb-text-font-weight:var(--awb-typography2-font-weight);--awb-text-font-style:var(--awb-typography2-font-style);\"><p>Unser Know-how bei Pr\u00e4zisionsteilen und alternativen L\u00f6sungen<\/p>\n<\/div><div class=\"fusion-text fusion-text-3 sm-text-align-center\" style=\"--awb-font-size:18px;--awb-text-color:var(--awb-color3);\"><p style=\"color: #000000;\" data-fusion-font=\"true\" data-fusion-google-font=\"Poppins\" data-fusion-google-variant=\"300\"><i>Unser Unternehmen, das \u00fcber ein fachkundiges und erfahrenes Team verf\u00fcgt, verf\u00fcgt \u00fcber langj\u00e4hrige Erfahrung in den Bereichen Kfz-Ersatzteile, Hydraulikteile, Maschinenersatzteile, Bremssysteme, Verbindungselemente und zahlreiche pr\u00e4zisionsbearbeitete Teile. Unser kompetentes Personal maximiert die Kundenzufriedenheit mit der Philosophie der Wertsch\u00f6pfung in einem auf die spezifischen Kundenbed\u00fcrfnisse zugeschnittenen Prozess.<\/i><\/p>\n<p style=\"color: #000000;\" data-fusion-font=\"true\" data-fusion-google-font=\"Poppins\" data-fusion-google-variant=\"300\"><i>Unser Engagement f\u00fcr die Kundenzufriedenheit und die Einhaltung internationaler Standards hat dazu gef\u00fchrt, dass wir \u00fcber viele Jahre hinweg Kunden-Lieferanten-Beziehungen aufgebaut und weiterentwickelt haben.<\/i><\/p>\n<p style=\"color: #000000;\" data-fusion-font=\"true\" data-fusion-google-font=\"Poppins\" data-fusion-google-variant=\"300\"><i>Unser innovatives Team, das st\u00e4ndig an der Verbesserung arbeitet, erm\u00f6glicht es uns, komplexe Teile in hoher Qualit\u00e4t, schnell und kosteng\u00fcnstig zu fertigen, wobei lediglich ein Muster oder eine technische Zeichnung erforderlich ist.<\/i><\/p>\n<\/div><\/div><\/div><\/div><\/div><div class=\"fusion-fullwidth fullwidth-box fusion-builder-row-3 fusion-flex-container nonhundred-percent-fullwidth non-hundred-percent-height-scrolling\" style=\"--awb-border-radius-top-left:0px;--awb-border-radius-top-right:0px;--awb-border-radius-bottom-right:0px;--awb-border-radius-bottom-left:0px;--awb-padding-top:20px;--awb-padding-bottom:20px;--awb-padding-top-small:0px;--awb-padding-right-small:10px;--awb-padding-bottom-small:20px;--awb-padding-left-small:10px;--awb-margin-bottom:0px;--awb-background-image:linear-gradient(105deg, var(--awb-color6) 12%,var(--awb-color5) 77%);--awb-flex-wrap:wrap;\" ><div class=\"fusion-builder-row fusion-row fusion-flex-align-items-center fusion-flex-justify-content-center fusion-flex-content-wrap\" style=\"max-width:1248px;margin-left: calc(-4% \/ 2 );margin-right: calc(-4% \/ 2 );\"><div class=\"fusion-layout-column fusion_builder_column fusion-builder-column-2 fusion_builder_column_1_5 1_5 fusion-flex-column fusion-column-inner-bg-wrapper fusion-animated\" style=\"--awb-padding-top:10px;--awb-padding-right:10px;--awb-padding-bottom:10px;--awb-padding-left:10px;--awb-padding-top-small:0px;--awb-padding-right-small:20px;--awb-padding-bottom-small:0px;--awb-padding-left-small:20px;--awb-inner-bg-size:cover;--awb-width-large:20%;--awb-margin-top-large:10px;--awb-spacing-right-large:48%;--awb-margin-bottom-large:10px;--awb-spacing-left-large:10px;--awb-width-medium:100%;--awb-order-medium:0;--awb-spacing-right-medium:9.6%;--awb-spacing-left-medium:10px;--awb-width-small:100%;--awb-order-small:0;--awb-margin-top-small:10px;--awb-spacing-right-small:0.96%;--awb-margin-bottom-small:0px;--awb-spacing-left-small:0.96%;\" data-animationtype=\"fadeInUp\" data-animationduration=\"1.0\" data-animationoffset=\"top-into-view\"><span class=\"fusion-column-inner-bg hover-type-none\"><a class=\"fusion-column-anchor\" href=\"https:\/\/kilicotomat.com.tr\/de\/\"><span class=\"fusion-column-inner-bg-image\"><\/span><\/a><\/span><div class=\"fusion-column-wrapper fusion-column-has-shadow fusion-flex-justify-content-flex-start fusion-content-layout-column\"><div class=\"fusion-image-element md-text-align-center sm-text-align-center\" style=\"--awb-aspect-ratio:1 \/ 1;--awb-object-position:28% 50%;--awb-margin-top-small:10px;--awb-margin-right-small:10px;--awb-margin-bottom-small:10px;--awb-margin-left-small:10px;--awb-max-width:100px;--awb-caption-title-font-family:var(--h2_typography-font-family);--awb-caption-title-font-weight:var(--h2_typography-font-weight);--awb-caption-title-font-style:var(--h2_typography-font-style);--awb-caption-title-size:var(--h2_typography-font-size);--awb-caption-title-transform:var(--h2_typography-text-transform);--awb-caption-title-line-height:var(--h2_typography-line-height);--awb-caption-title-letter-spacing:var(--h2_typography-letter-spacing);\"><div style=\"display:inline-block;width:100px;\"><span class=\"fusion-imageframe imageframe-none imageframe-2 hover-type-none has-aspect-ratio\"><img decoding=\"async\" width=\"150\" height=\"150\" title=\"SwordLg\" src=\"https:\/\/kilicotomat.com.tr\/wp-content\/uploads\/2024\/04\/KlcLogo-150x150.png\" class=\"img-responsive wp-image-910 img-with-aspect-ratio\" alt srcset=\"https:\/\/kilicotomat.com.tr\/wp-content\/uploads\/2024\/04\/KlcLogo-200x200.png 200w, https:\/\/kilicotomat.com.tr\/wp-content\/uploads\/2024\/04\/KlcLogo-400x400.png 400w, https:\/\/kilicotomat.com.tr\/wp-content\/uploads\/2024\/04\/KlcLogo-600x600.png 600w, https:\/\/kilicotomat.com.tr\/wp-content\/uploads\/2024\/04\/KlcLogo-800x800.png 800w, https:\/\/kilicotomat.com.tr\/wp-content\/uploads\/2024\/04\/KlcLogo.png 890w\" sizes=\"(max-width: 640px) 100vw, 200px\" \/><\/span><\/div><\/div><\/div><\/div><div class=\"fusion-layout-column fusion_builder_column fusion-builder-column-3 fusion_builder_column_3_5 3_5 fusion-flex-column fusion-flex-align-self-stretch fusion-animated\" style=\"--awb-padding-top:10px;--awb-padding-bottom:10px;--awb-padding-top-medium:0px;--awb-padding-right-medium:0px;--awb-padding-bottom-medium:0px;--awb-padding-top-small:0px;--awb-padding-right-small:0px;--awb-padding-bottom-small:0px;--awb-padding-left-small:0px;--awb-overflow:hidden;--awb-bg-size:cover;--awb-border-radius:20px 20px 20px 0px;--awb-width-large:60%;--awb-margin-top-large:10px;--awb-spacing-right-large:0%;--awb-margin-bottom-large:10px;--awb-spacing-left-large:0%;--awb-width-medium:80%;--awb-order-medium:0;--awb-spacing-right-medium:0%;--awb-spacing-left-medium:0%;--awb-width-small:100%;--awb-order-small:0;--awb-margin-top-small:0px;--awb-spacing-right-small:0.288%;--awb-margin-bottom-small:0px;--awb-spacing-left-small:0.96%;\" data-animationtype=\"fadeInUp\" data-animationduration=\"1.0\" data-animationoffset=\"top-into-view\"><div class=\"fusion-column-wrapper fusion-column-has-shadow fusion-flex-justify-content-center fusion-content-layout-column\"><div class=\"fusion-sharing-box fusion-sharing-box-1 has-taglines layout-floated layout-medium-floated layout-small-floated\" style=\"background-color:var(--awb-color1);border-color:var(--awb-color6);--awb-margin-top:0px;--awb-margin-right:0px;--awb-margin-bottom:0px;--awb-margin-left:0px;--awb-wrapper-padding-top:0px;--awb-wrapper-padding-right:5px;--awb-wrapper-padding-bottom:0px;--awb-wrapper-padding-left:5px;--awb-border-top:0px;--awb-border-right:0px;--awb-border-bottom:20px;--awb-border-left:0px;--awb-border-radius-top-left:20px;--awb-border-radius-top-right:20px;--awb-border-radius-bottom-right:20px;--awb-border-radius-bottom-left:20px;--awb-icon-size:15PX;--awb-separator-border-color:#cccccc;--awb-separator-border-sizes:0px;--awb-layout:row;--awb-alignment-small:flex-end;--awb-stacked-align-small:flex-start;\" data-title=\"Misyon &#038;Vizyon\" data-description=\"Misyon &amp; Vizyon MisyonumuzKILI\u00c7 OTOMAT LTD.\u00a0 olarak, otomotiv, beyaz e\u015fya, ba\u011flant\u0131 elemanlar\u0131, hidrolik par\u00e7alar ve makine imalat\u0131 sekt\u00f6rlerine y\u00f6nelik y\u00fcksek hassasiyetli CNC par\u00e7a \u00fcretimi yaparak, m\u00fc\u015fterilerimize kaliteli, g\u00fcvenilir ve rekabet\u00e7i \u00e7\u00f6z\u00fcmler sunmay\u0131 hedefliyoruz.\u0130leri teknoloji ve yenilik\u00e7i \u00fcretim anlay\u0131\u015f\u0131yla s\u00fcrd\u00fcr\u00fclebilir, \u00e7evre dostu ve verimli \u00fcretim s\u00fcre\u00e7leri olu\u015fturuyor, \u00e7al\u0131\u015fanlar\u0131m\u0131z\u0131n geli\u015fimini destekleyerek sekt\u00f6rde fark yaratan bir firma olmay\u0131\" data-link=\"https:\/\/kilicotomat.com.tr\/articles\/\"><h6 class=\"tagline\" style=\"color:var(--awb-color6);font-family:-apple-system, BlinkMacSystemFont, &#039;Segoe UI&#039;, Roboto, Oxygen-Sans, Ubuntu, Cantarell, &#039;Helvetica Neue&#039; ,sans-serif;font-style:normal;font-weight:400;font-size:14px;line-height:var(--awb-typography2-line-height);letter-spacing:0.005em;text-transform:capitalize;\">W\u00e4hlen Sie die Plattform, die Sie teilen m\u00f6chten!<\/h6><div class=\"fusion-social-networks sharingbox-shortcode-icon-wrapper sharingbox-shortcode-icon-wrapper-1\"><span><a href=\"https:\/\/www.linkedin.com\/shareArticle?mini=true&amp;url=https%3A%2F%2Fkilicotomat.com.tr%2Farticles%2F&amp;title=Misyon%20%26%23038%3BVizyon&amp;summary=Misyon%20%26amp%3B%20Vizyon%20%0D%0AMisyonumuz%0D%0AKILI%C3%87%20OTOMAT%20LTD.%C2%A0%20olarak%2C%20otomotiv%2C%20beyaz%20e%C5%9Fya%2C%20ba%C4%9Flant%C4%B1%20elemanlar%C4%B1%2C%20hidrolik%20par%C3%A7alar%20ve%20makine%20imalat%C4%B1%20sekt%C3%B6rlerine%20y%C3%B6nelik%20y%C3%BCksek%20hassasiyetli%20CNC%20par%C3%A7a%20%C3%BCretimi%20yaparak%2C%20m%C3%BC%C5%9Fterilerimize%20kaliteli%2C%20g%C3%BCvenilir%20ve%20rekabet%C3%A7i%20%C3%A7%C3%B6z%C3%BCmler%20sunmay%C4%B1%20hedefliyoruz.%0D%0A%C4%B0leri%20teknoloji%20ve%20yenilik%C3%A7i%20%C3%BCretim%20anlay%C4%B1%C5%9F%C4%B1yla%20s%C3%BCrd%C3%BCr%C3%BClebilir%2C%20%C3%A7evre%20dostu%20ve%20verimli%20%C3%BCretim%20s%C3%BCre%C3%A7leri%20olu%C5%9Fturuyor%2C%20%C3%A7al%C4%B1%C5%9Fanlar%C4%B1m%C4%B1z%C4%B1n%20geli%C5%9Fimini%20destekleyerek%20sekt%C3%B6rde%20fark%20yaratan%20bir%20firma%20olmay%C4%B1\" target=\"_blank\" rel=\"noopener noreferrer\" title=\"LinkedIn\" aria-label=\"LinkedIn\" data-placement=\"top\" data-toggle=\"tooltip\" data-title=\"LinkedIn\"><i class=\"fusion-social-network-icon fusion-tooltip fusion-linkedin awb-icon-linkedin\" style=\"color:#0077b5;\" aria-hidden=\"true\"><\/i><\/a><\/span><span><a href=\"https:\/\/api.whatsapp.com\/send?text=https%3A%2F%2Fkilicotomat.com.tr%2Farticles%2F\" target=\"_blank\" rel=\"noopener noreferrer\" title=\"WhatsApp\" aria-label=\"WhatsApp\" data-placement=\"top\" data-toggle=\"tooltip\" data-title=\"WhatsApp\"><i class=\"fusion-social-network-icon fusion-tooltip fusion-whatsapp awb-icon-whatsapp\" style=\"color:#77e878;\" aria-hidden=\"true\"><\/i><\/a><\/span><span><a href=\"mailto:?subject=Misyon%20%26%23038%3BVizyon&amp;body=https%3A%2F%2Fkilicotomat.com.tr%2Farticles%2F\" target=\"_self\" title=\"E-Mail\" aria-label=\"E-Mail\" data-placement=\"top\" data-toggle=\"tooltip\" data-title=\"Email\"><i class=\"fusion-social-network-icon fusion-tooltip fusion-mail awb-icon-mail\" style=\"color:#000000;\" aria-hidden=\"true\"><\/i><\/a><\/span><\/div><\/div><\/div><\/div><div class=\"fusion-layout-column fusion_builder_column fusion-builder-column-4 fusion_builder_column_1_5 1_5 fusion-flex-column fusion-animated\" style=\"--awb-padding-top:10px;--awb-padding-right:10px;--awb-padding-bottom:10px;--awb-padding-left:10px;--awb-padding-top-small:0px;--awb-padding-bottom-small:0px;--awb-bg-size:cover;--awb-width-large:20%;--awb-margin-top-large:10px;--awb-spacing-right-large:10px;--awb-margin-bottom-large:10px;--awb-spacing-left-large:10px;--awb-width-medium:100%;--awb-order-medium:0;--awb-spacing-right-medium:10px;--awb-spacing-left-medium:10px;--awb-width-small:100%;--awb-order-small:0;--awb-spacing-right-small:1.92%;--awb-margin-bottom-small:0px;--awb-spacing-left-small:1.92%;\" data-animationtype=\"fadeInUp\" data-animationduration=\"1.0\" data-animationoffset=\"top-into-view\"><div class=\"fusion-column-wrapper fusion-column-has-shadow fusion-flex-justify-content-flex-start fusion-content-layout-column\"><div class=\"md-text-align-center sm-text-align-center\" style=\"text-align:right;\"><a class=\"fusion-button button-flat fusion-button-default-size button-custom fusion-button-default button-1 fusion-button-default-span fusion-button-default-type\" style=\"--button_accent_color:var(--awb-color5);--button_border_color:var(--awb-color5);--button_accent_hover_color:var(--awb-color1);--button_border_hover_color:var(--awb-color1);--button_gradient_top_color:var(--awb-color1);--button_gradient_bottom_color:var(--awb-color1);--button_gradient_top_color_hover:hsla(var(--awb-color5-h),calc(var(--awb-color5-s) - 5%),calc(var(--awb-color5-l) - 10%),var(--awb-color5-a));--button_gradient_bottom_color_hover:hsla(var(--awb-color5-h),calc(var(--awb-color5-s) - 5%),calc(var(--awb-color5-l) - 10%),var(--awb-color5-a));--button_padding-top:10px;--button_padding-bottom:10px;--button_margin-top:10px;--button_margin-bottom:10px;\" target=\"_self\" href=\"https:\/\/kilicotomat.com.tr\/de\/contact-us\/\"><span class=\"fusion-button-text\">Kontakt<\/span><\/a><\/div><\/div><\/div><\/div><\/div><\/p>","protected":false},"excerpt":{"rendered":"","protected":false},"author":1,"featured_media":0,"parent":2557,"menu_order":0,"comment_status":"closed","ping_status":"closed","template":"100-width.php","meta":{"footnotes":""},"class_list":["post-21","page","type-page","status-publish","hentry"],"_links":{"self":[{"href":"https:\/\/kilicotomat.com.tr\/de\/wp-json\/wp\/v2\/pages\/21","targetHints":{"allow":["GET"]}}],"collection":[{"href":"https:\/\/kilicotomat.com.tr\/de\/wp-json\/wp\/v2\/pages"}],"about":[{"href":"https:\/\/kilicotomat.com.tr\/de\/wp-json\/wp\/v2\/types\/page"}],"author":[{"embeddable":true,"href":"https:\/\/kilicotomat.com.tr\/de\/wp-json\/wp\/v2\/users\/1"}],"replies":[{"embeddable":true,"href":"https:\/\/kilicotomat.com.tr\/de\/wp-json\/wp\/v2\/comments?post=21"}],"version-history":[{"count":36,"href":"https:\/\/kilicotomat.com.tr\/de\/wp-json\/wp\/v2\/pages\/21\/revisions"}],"predecessor-version":[{"id":20758,"href":"https:\/\/kilicotomat.com.tr\/de\/wp-json\/wp\/v2\/pages\/21\/revisions\/20758"}],"up":[{"embeddable":true,"href":"https:\/\/kilicotomat.com.tr\/de\/wp-json\/wp\/v2\/pages\/2557"}],"wp:attachment":[{"href":"https:\/\/kilicotomat.com.tr\/de\/wp-json\/wp\/v2\/media?parent=21"}],"curies":[{"name":"wp","href":"https:\/\/api.w.org\/{rel}","templated":true}]}}