{"id":20600,"date":"2025-02-05T13:44:55","date_gmt":"2025-02-05T13:44:55","guid":{"rendered":"https:\/\/kilicotomat.com.tr\/?page_id=20600"},"modified":"2025-02-05T13:52:08","modified_gmt":"2025-02-05T13:52:08","slug":"e-katalog","status":"publish","type":"page","link":"https:\/\/kilicotomat.com.tr\/de\/e-katalog\/","title":{"rendered":"E-Katalog"},"content":{"rendered":"<p>In unserem neuen Katalog finden Sie die neuesten Informationen \u00fcber unser Unternehmen, unsere Zertifikate und unsere j\u00fcngsten Innovationen. Mit unserer sich st\u00e4ndig weiterentwickelnden Struktur und unseren hohen Qualit\u00e4tsstandards gehen wir mit gro\u00dfen Schritten in die Zukunft.<\/p>\n<p>Hier k\u00f6nnen Sie unseren Firmenkatalog einsehen und weitere Informationen \u00fcber unser Unternehmen erhalten:<\/p>\n<p><a href=\"https:\/\/kilicotomat.com.tr\/wp-content\/uploads\/2025\/02\/Kilic-Otomat_2025_Katalog.pdf\">Kilic Otomat_2025_Katalog<\/a><\/p>\n<p>&nbsp;<\/p>","protected":false},"excerpt":{"rendered":"<p>Yeni katalo\u011fumuzda, firmam\u0131z\u0131n g\u00fcncellenmi\u015f bilgilerini, sahip oldu\u011fumuz sertifikalar\u0131 ve son [&hellip;]<\/p>\n","protected":false},"author":1,"featured_media":0,"parent":0,"menu_order":0,"comment_status":"closed","ping_status":"closed","template":"","meta":{"footnotes":""},"class_list":["post-20600","page","type-page","status-publish","hentry"],"_links":{"self":[{"href":"https:\/\/kilicotomat.com.tr\/de\/wp-json\/wp\/v2\/pages\/20600","targetHints":{"allow":["GET"]}}],"collection":[{"href":"https:\/\/kilicotomat.com.tr\/de\/wp-json\/wp\/v2\/pages"}],"about":[{"href":"https:\/\/kilicotomat.com.tr\/de\/wp-json\/wp\/v2\/types\/page"}],"author":[{"embeddable":true,"href":"https:\/\/kilicotomat.com.tr\/de\/wp-json\/wp\/v2\/users\/1"}],"replies":[{"embeddable":true,"href":"https:\/\/kilicotomat.com.tr\/de\/wp-json\/wp\/v2\/comments?post=20600"}],"version-history":[{"count":2,"href":"https:\/\/kilicotomat.com.tr\/de\/wp-json\/wp\/v2\/pages\/20600\/revisions"}],"predecessor-version":[{"id":20604,"href":"https:\/\/kilicotomat.com.tr\/de\/wp-json\/wp\/v2\/pages\/20600\/revisions\/20604"}],"wp:attachment":[{"href":"https:\/\/kilicotomat.com.tr\/de\/wp-json\/wp\/v2\/media?parent=20600"}],"curies":[{"name":"wp","href":"https:\/\/api.w.org\/{rel}","templated":true}]}}